{"id":67,"date":"2021-12-27T15:06:58","date_gmt":"2021-12-27T15:06:58","guid":{"rendered":"https:\/\/yuma.sharkthemes.com\/default\/?page_id=450"},"modified":"2023-03-29T22:38:41","modified_gmt":"2023-03-29T20:38:41","slug":"contact","status":"publish","type":"page","link":"https:\/\/pzchiokp.pl\/wydarzenia\/contact\/","title":{"rendered":"Contact"},"content":{"rendered":"\t\t<div data-elementor-type=\"wp-page\" data-elementor-id=\"67\" class=\"elementor elementor-67\">\n\t\t\t\t\t\t\t\t\t<section class=\"elementor-section elementor-top-section elementor-element elementor-element-292d5a8 elementor-section-height-min-height elementor-section-boxed elementor-section-height-default elementor-section-items-middle\" data-id=\"292d5a8\" data-element_type=\"section\" data-settings=\"{&quot;background_background&quot;:&quot;classic&quot;}\">\n\t\t\t\t\t\t\t<div class=\"elementor-background-overlay\"><\/div>\n\t\t\t\t\t\t\t<div class=\"elementor-container elementor-column-gap-default\">\n\t\t\t\t\t<div class=\"elementor-column elementor-col-100 elementor-top-column elementor-element elementor-element-32466c7\" data-id=\"32466c7\" data-element_type=\"column\">\n\t\t\t<div class=\"elementor-widget-wrap elementor-element-populated\">\n\t\t\t\t\t\t\t\t<div class=\"elementor-element elementor-element-fcf5170 elementor-widget elementor-widget-heading\" data-id=\"fcf5170\" data-element_type=\"widget\" data-widget_type=\"heading.default\">\n\t\t\t\t<div class=\"elementor-widget-container\">\n\t\t\t<style>\/*! elementor - v3.18.0 - 20-12-2023 *\/\n.elementor-heading-title{padding:0;margin:0;line-height:1}.elementor-widget-heading .elementor-heading-title[class*=elementor-size-]>a{color:inherit;font-size:inherit;line-height:inherit}.elementor-widget-heading .elementor-heading-title.elementor-size-small{font-size:15px}.elementor-widget-heading .elementor-heading-title.elementor-size-medium{font-size:19px}.elementor-widget-heading .elementor-heading-title.elementor-size-large{font-size:29px}.elementor-widget-heading .elementor-heading-title.elementor-size-xl{font-size:39px}.elementor-widget-heading .elementor-heading-title.elementor-size-xxl{font-size:59px}<\/style><h1 class=\"elementor-heading-title elementor-size-default\">Get In Touch<\/h1>\t\t<\/div>\n\t\t\t\t<\/div>\n\t\t\t\t<div class=\"elementor-element elementor-element-e52cc25 elementor-widget elementor-widget-text-editor\" data-id=\"e52cc25\" data-element_type=\"widget\" data-widget_type=\"text-editor.default\">\n\t\t\t\t<div class=\"elementor-widget-container\">\n\t\t\t<style>\/*! elementor - v3.18.0 - 20-12-2023 *\/\n.elementor-widget-text-editor.elementor-drop-cap-view-stacked .elementor-drop-cap{background-color:#69727d;color:#fff}.elementor-widget-text-editor.elementor-drop-cap-view-framed .elementor-drop-cap{color:#69727d;border:3px solid;background-color:transparent}.elementor-widget-text-editor:not(.elementor-drop-cap-view-default) .elementor-drop-cap{margin-top:8px}.elementor-widget-text-editor:not(.elementor-drop-cap-view-default) .elementor-drop-cap-letter{width:1em;height:1em}.elementor-widget-text-editor .elementor-drop-cap{float:left;text-align:center;line-height:1;font-size:50px}.elementor-widget-text-editor .elementor-drop-cap-letter{display:inline-block}<\/style>\t\t\t\t<p>Helps the customer find what they need<\/p>\t\t\t\t\t\t<\/div>\n\t\t\t\t<\/div>\n\t\t\t\t\t<\/div>\n\t\t<\/div>\n\t\t\t\t\t\t\t<\/div>\n\t\t<\/section>\n\t\t\t\t<section class=\"elementor-section elementor-top-section elementor-element elementor-element-0bec103 elementor-section-boxed elementor-section-height-default elementor-section-height-default\" data-id=\"0bec103\" data-element_type=\"section\">\n\t\t\t\t\t\t<div class=\"elementor-container elementor-column-gap-default\">\n\t\t\t\t\t<div class=\"elementor-column elementor-col-33 elementor-top-column elementor-element elementor-element-ef2910e\" data-id=\"ef2910e\" data-element_type=\"column\">\n\t\t\t<div class=\"elementor-widget-wrap elementor-element-populated\">\n\t\t\t\t\t\t\t\t<div class=\"elementor-element elementor-element-d84ad96 elementor-view-default elementor-position-top elementor-mobile-position-top elementor-widget elementor-widget-icon-box\" data-id=\"d84ad96\" data-element_type=\"widget\" data-widget_type=\"icon-box.default\">\n\t\t\t\t<div class=\"elementor-widget-container\">\n\t\t\t<link rel=\"stylesheet\" href=\"https:\/\/pzchiokp.pl\/wydarzenia\/wp-content\/plugins\/elementor\/assets\/css\/widget-icon-box.min.css\">\t\t<div class=\"elementor-icon-box-wrapper\">\n\t\t\t\t\t\t<div class=\"elementor-icon-box-icon\">\n\t\t\t\t<span  class=\"elementor-icon elementor-animation-\">\n\t\t\t\t<i aria-hidden=\"true\" class=\"fas fa-map-marked-alt\"><\/i>\t\t\t\t<\/span>\n\t\t\t<\/div>\n\t\t\t\t\t\t<div class=\"elementor-icon-box-content\">\n\t\t\t\t<h5 class=\"elementor-icon-box-title\">\n\t\t\t\t\t<span  >\n\t\t\t\t\t\tAddress\t\t\t\t\t<\/span>\n\t\t\t\t<\/h5>\n\t\t\t\t\t\t\t\t\t<p class=\"elementor-icon-box-description\">\n\t\t\t\t\t\t12346  Wall Street, NY, USA\t\t\t\t\t<\/p>\n\t\t\t\t\t\t\t<\/div>\n\t\t<\/div>\n\t\t\t\t<\/div>\n\t\t\t\t<\/div>\n\t\t\t\t\t<\/div>\n\t\t<\/div>\n\t\t\t\t<div class=\"elementor-column elementor-col-33 elementor-top-column elementor-element elementor-element-dad0b3f\" data-id=\"dad0b3f\" data-element_type=\"column\">\n\t\t\t<div class=\"elementor-widget-wrap elementor-element-populated\">\n\t\t\t\t\t\t\t\t<div class=\"elementor-element elementor-element-28b7ccf elementor-view-default elementor-position-top elementor-mobile-position-top elementor-widget elementor-widget-icon-box\" data-id=\"28b7ccf\" data-element_type=\"widget\" data-widget_type=\"icon-box.default\">\n\t\t\t\t<div class=\"elementor-widget-container\">\n\t\t\t\t\t<div class=\"elementor-icon-box-wrapper\">\n\t\t\t\t\t\t<div class=\"elementor-icon-box-icon\">\n\t\t\t\t<span  class=\"elementor-icon elementor-animation-\">\n\t\t\t\t<i aria-hidden=\"true\" class=\"fas fa-headphones-alt\"><\/i>\t\t\t\t<\/span>\n\t\t\t<\/div>\n\t\t\t\t\t\t<div class=\"elementor-icon-box-content\">\n\t\t\t\t<h5 class=\"elementor-icon-box-title\">\n\t\t\t\t\t<span  >\n\t\t\t\t\t\tPhone\t\t\t\t\t<\/span>\n\t\t\t\t<\/h5>\n\t\t\t\t\t\t\t\t\t<p class=\"elementor-icon-box-description\">\n\t\t\t\t\t\t+00 000000000\t\t\t\t\t<\/p>\n\t\t\t\t\t\t\t<\/div>\n\t\t<\/div>\n\t\t\t\t<\/div>\n\t\t\t\t<\/div>\n\t\t\t\t\t<\/div>\n\t\t<\/div>\n\t\t\t\t<div class=\"elementor-column elementor-col-33 elementor-top-column elementor-element elementor-element-2cf29ef\" data-id=\"2cf29ef\" data-element_type=\"column\">\n\t\t\t<div class=\"elementor-widget-wrap elementor-element-populated\">\n\t\t\t\t\t\t\t\t<div class=\"elementor-element elementor-element-a15b1db elementor-view-default elementor-position-top elementor-mobile-position-top elementor-widget elementor-widget-icon-box\" data-id=\"a15b1db\" data-element_type=\"widget\" data-widget_type=\"icon-box.default\">\n\t\t\t\t<div class=\"elementor-widget-container\">\n\t\t\t\t\t<div class=\"elementor-icon-box-wrapper\">\n\t\t\t\t\t\t<div class=\"elementor-icon-box-icon\">\n\t\t\t\t<span  class=\"elementor-icon elementor-animation-\">\n\t\t\t\t<i aria-hidden=\"true\" class=\"far fa-envelope\"><\/i>\t\t\t\t<\/span>\n\t\t\t<\/div>\n\t\t\t\t\t\t<div class=\"elementor-icon-box-content\">\n\t\t\t\t<h5 class=\"elementor-icon-box-title\">\n\t\t\t\t\t<span  >\n\t\t\t\t\t\tContact Info\t\t\t\t\t<\/span>\n\t\t\t\t<\/h5>\n\t\t\t\t\t\t\t\t\t<p class=\"elementor-icon-box-description\">\n\t\t\t\t\t\tnoreply@yumatheme.com\t\t\t\t\t<\/p>\n\t\t\t\t\t\t\t<\/div>\n\t\t<\/div>\n\t\t\t\t<\/div>\n\t\t\t\t<\/div>\n\t\t\t\t\t<\/div>\n\t\t<\/div>\n\t\t\t\t\t\t\t<\/div>\n\t\t<\/section>\n\t\t\t\t<section class=\"elementor-section elementor-top-section elementor-element elementor-element-1576cd7 elementor-section-content-middle elementor-section-boxed elementor-section-height-default elementor-section-height-default\" data-id=\"1576cd7\" data-element_type=\"section\">\n\t\t\t\t\t\t<div class=\"elementor-container elementor-column-gap-default\">\n\t\t\t\t\t<div class=\"elementor-column elementor-col-50 elementor-top-column elementor-element elementor-element-eab4c8a\" data-id=\"eab4c8a\" data-element_type=\"column\">\n\t\t\t<div class=\"elementor-widget-wrap elementor-element-populated\">\n\t\t\t\t\t\t\t\t<div class=\"elementor-element elementor-element-a4ced36 elementor-widget elementor-widget-google_maps\" data-id=\"a4ced36\" data-element_type=\"widget\" data-widget_type=\"google_maps.default\">\n\t\t\t\t<div class=\"elementor-widget-container\">\n\t\t\t<style>\/*! elementor - v3.18.0 - 20-12-2023 *\/\n.elementor-widget-google_maps .elementor-widget-container{overflow:hidden}.elementor-widget-google_maps .elementor-custom-embed{line-height:0}.elementor-widget-google_maps iframe{height:300px}<\/style>\t\t<div class=\"elementor-custom-embed\">\n\t\t\t<iframe loading=\"lazy\"\n\t\t\t\t\tsrc=\"https:\/\/maps.google.com\/maps?q=London%20Eye%2C%20London%2C%20United%20Kingdom&#038;t=m&#038;z=10&#038;output=embed&#038;iwloc=near\"\n\t\t\t\t\ttitle=\"London Eye, London, United Kingdom\"\n\t\t\t\t\taria-label=\"London Eye, London, United Kingdom\"\n\t\t\t><\/iframe>\n\t\t<\/div>\n\t\t\t\t<\/div>\n\t\t\t\t<\/div>\n\t\t\t\t\t<\/div>\n\t\t<\/div>\n\t\t\t\t<div class=\"elementor-column elementor-col-50 elementor-top-column elementor-element elementor-element-d5634e5\" data-id=\"d5634e5\" data-element_type=\"column\">\n\t\t\t<div class=\"elementor-widget-wrap elementor-element-populated\">\n\t\t\t\t\t\t\t\t<div class=\"elementor-element elementor-element-bc55657 elementor-widget elementor-widget-heading\" data-id=\"bc55657\" data-element_type=\"widget\" data-widget_type=\"heading.default\">\n\t\t\t\t<div class=\"elementor-widget-container\">\n\t\t\t<h3 class=\"elementor-heading-title elementor-size-default\">Send Message<\/h3>\t\t<\/div>\n\t\t\t\t<\/div>\n\t\t\t\t<div class=\"elementor-element elementor-element-f245751 elementor-widget elementor-widget-shortcode\" data-id=\"f245751\" data-element_type=\"widget\" data-widget_type=\"shortcode.default\">\n\t\t\t\t<div class=\"elementor-widget-container\">\n\t\t\t\t\t<div class=\"elementor-shortcode\">[contact-form-7 id=\"401\" title=\"Contact\"]<\/div>\n\t\t\t\t<\/div>\n\t\t\t\t<\/div>\n\t\t\t\t\t<\/div>\n\t\t<\/div>\n\t\t\t\t\t\t\t<\/div>\n\t\t<\/section>\n\t\t\t\t\t\t\t<\/div>\n\t\t","protected":false},"excerpt":{"rendered":"<p>Get In Touch Helps the customer find what they need Address 12346 Wall Street, NY, [&hellip;]<\/p>\n","protected":false},"author":1,"featured_media":0,"parent":0,"menu_order":0,"comment_status":"closed","ping_status":"closed","template":"elementor_header_footer","meta":{"_price":"","_stock":"","_tribe_ticket_header":"","_tribe_default_ticket_provider":"","_tribe_ticket_capacity":"0","_ticket_start_date":"","_ticket_end_date":"","_tribe_ticket_show_description":"","_tribe_ticket_show_not_going":false,"_tribe_ticket_use_global_stock":"","_tribe_ticket_global_stock_level":"","_global_stock_mode":"","_global_stock_cap":"","_tribe_rsvp_for_event":"","_tribe_ticket_going_count":"","_tribe_ticket_not_going_count":"","_tribe_tickets_list":"[]","_tribe_ticket_has_attendee_info_fields":false,"footnotes":"","_tec_slr_enabled":"","_tec_slr_layout":""},"class_list":["post-67","page","type-page","status-publish","hentry"],"yoast_head":"<!-- This site is optimized with the Yoast SEO plugin v27.3 - https:\/\/yoast.com\/product\/yoast-seo-wordpress\/ -->\n<title>Contact - Wydarzenia PZChiO Oddzia\u0142 Kujawsko-Pomorski<\/title>\n<meta name=\"robots\" content=\"index, follow, max-snippet:-1, max-image-preview:large, max-video-preview:-1\" \/>\n<link rel=\"canonical\" href=\"https:\/\/pzchiokp.pl\/wydarzenia\/contact\/\" \/>\n<meta property=\"og:locale\" content=\"pl_PL\" \/>\n<meta property=\"og:type\" content=\"article\" \/>\n<meta property=\"og:title\" content=\"Contact - Wydarzenia PZChiO Oddzia\u0142 Kujawsko-Pomorski\" \/>\n<meta property=\"og:description\" content=\"Get In Touch Helps the customer find what they need Address 12346 Wall Street, NY, [&hellip;]\" \/>\n<meta property=\"og:url\" content=\"https:\/\/pzchiokp.pl\/wydarzenia\/contact\/\" \/>\n<meta property=\"og:site_name\" content=\"Wydarzenia PZChiO Oddzia\u0142 Kujawsko-Pomorski\" \/>\n<meta property=\"article:publisher\" content=\"https:\/\/www.facebook.com\/profile.php?id=100083541663779&amp;sk=events\" \/>\n<meta property=\"article:modified_time\" content=\"2023-03-29T20:38:41+00:00\" \/>\n<meta property=\"og:image\" content=\"https:\/\/pzchiokp.pl\/wydarzenia\/wp-content\/uploads\/sites\/3\/2023\/03\/cropped-logo-pzchio-1.png\" \/>\n\t<meta property=\"og:image:width\" content=\"299\" \/>\n\t<meta property=\"og:image:height\" content=\"186\" \/>\n\t<meta property=\"og:image:type\" content=\"image\/png\" \/>\n<meta name=\"twitter:card\" content=\"summary_large_image\" \/>\n<script type=\"application\/ld+json\" class=\"yoast-schema-graph\">{\"@context\":\"https:\\\/\\\/schema.org\",\"@graph\":[{\"@type\":\"WebPage\",\"@id\":\"https:\\\/\\\/pzchiokp.pl\\\/wydarzenia\\\/contact\\\/\",\"url\":\"https:\\\/\\\/pzchiokp.pl\\\/wydarzenia\\\/contact\\\/\",\"name\":\"Contact - Wydarzenia PZChiO Oddzia\u0142 Kujawsko-Pomorski\",\"isPartOf\":{\"@id\":\"https:\\\/\\\/pzchiokp.pl\\\/wydarzenia\\\/#website\"},\"datePublished\":\"2021-12-27T15:06:58+00:00\",\"dateModified\":\"2023-03-29T20:38:41+00:00\",\"breadcrumb\":{\"@id\":\"https:\\\/\\\/pzchiokp.pl\\\/wydarzenia\\\/contact\\\/#breadcrumb\"},\"inLanguage\":\"pl-PL\",\"potentialAction\":[{\"@type\":\"ReadAction\",\"target\":[\"https:\\\/\\\/pzchiokp.pl\\\/wydarzenia\\\/contact\\\/\"]}]},{\"@type\":\"BreadcrumbList\",\"@id\":\"https:\\\/\\\/pzchiokp.pl\\\/wydarzenia\\\/contact\\\/#breadcrumb\",\"itemListElement\":[{\"@type\":\"ListItem\",\"position\":1,\"name\":\"Strona g\u0142\u00f3wna\",\"item\":\"https:\\\/\\\/pzchiokp.pl\\\/wydarzenia\\\/\"},{\"@type\":\"ListItem\",\"position\":2,\"name\":\"Contact\"}]},{\"@type\":\"WebSite\",\"@id\":\"https:\\\/\\\/pzchiokp.pl\\\/wydarzenia\\\/#website\",\"url\":\"https:\\\/\\\/pzchiokp.pl\\\/wydarzenia\\\/\",\"name\":\"Wydarzenia PZChiO Oddzia\u0142 Kujawsko-Pomorski\",\"description\":\"Polski Zwi\u0105zekCh\u00f3r\u00f3w i Orkiestr Oddzia\u0142 Kujawsko-Pomorski\",\"publisher\":{\"@id\":\"https:\\\/\\\/pzchiokp.pl\\\/wydarzenia\\\/#organization\"},\"alternateName\":\"Wydarzenia PZChiO Oddzia\u0142 Kujawsko-Pomorski\",\"potentialAction\":[{\"@type\":\"SearchAction\",\"target\":{\"@type\":\"EntryPoint\",\"urlTemplate\":\"https:\\\/\\\/pzchiokp.pl\\\/wydarzenia\\\/?s={search_term_string}\"},\"query-input\":{\"@type\":\"PropertyValueSpecification\",\"valueRequired\":true,\"valueName\":\"search_term_string\"}}],\"inLanguage\":\"pl-PL\"},{\"@type\":\"Organization\",\"@id\":\"https:\\\/\\\/pzchiokp.pl\\\/wydarzenia\\\/#organization\",\"name\":\"Polski Zwi\u0105zek Ch\u00f3r\u00f3w i Orkiestr Oddzia\u0142 Kujawsko-Pomorski\",\"alternateName\":\"PZChiO Oddzia\u0142 Kujawsko-Pomorski\",\"url\":\"https:\\\/\\\/pzchiokp.pl\\\/wydarzenia\\\/\",\"logo\":{\"@type\":\"ImageObject\",\"inLanguage\":\"pl-PL\",\"@id\":\"https:\\\/\\\/pzchiokp.pl\\\/wydarzenia\\\/#\\\/schema\\\/logo\\\/image\\\/\",\"url\":\"https:\\\/\\\/pzchiokp.pl\\\/wydarzenia\\\/wp-content\\\/uploads\\\/sites\\\/3\\\/2023\\\/03\\\/logo-pzchio-1.png\",\"contentUrl\":\"https:\\\/\\\/pzchiokp.pl\\\/wydarzenia\\\/wp-content\\\/uploads\\\/sites\\\/3\\\/2023\\\/03\\\/logo-pzchio-1.png\",\"width\":299,\"height\":200,\"caption\":\"Polski Zwi\u0105zek Ch\u00f3r\u00f3w i Orkiestr Oddzia\u0142 Kujawsko-Pomorski\"},\"image\":{\"@id\":\"https:\\\/\\\/pzchiokp.pl\\\/wydarzenia\\\/#\\\/schema\\\/logo\\\/image\\\/\"},\"sameAs\":[\"https:\\\/\\\/www.facebook.com\\\/profile.php?id=100083541663779&sk=events\"]}]}<\/script>\n<!-- \/ Yoast SEO plugin. -->","yoast_head_json":{"title":"Contact - Wydarzenia PZChiO Oddzia\u0142 Kujawsko-Pomorski","robots":{"index":"index","follow":"follow","max-snippet":"max-snippet:-1","max-image-preview":"max-image-preview:large","max-video-preview":"max-video-preview:-1"},"canonical":"https:\/\/pzchiokp.pl\/wydarzenia\/contact\/","og_locale":"pl_PL","og_type":"article","og_title":"Contact - Wydarzenia PZChiO Oddzia\u0142 Kujawsko-Pomorski","og_description":"Get In Touch Helps the customer find what they need Address 12346 Wall Street, NY, [&hellip;]","og_url":"https:\/\/pzchiokp.pl\/wydarzenia\/contact\/","og_site_name":"Wydarzenia PZChiO Oddzia\u0142 Kujawsko-Pomorski","article_publisher":"https:\/\/www.facebook.com\/profile.php?id=100083541663779&sk=events","article_modified_time":"2023-03-29T20:38:41+00:00","og_image":[{"width":299,"height":186,"url":"https:\/\/pzchiokp.pl\/wydarzenia\/wp-content\/uploads\/sites\/3\/2023\/03\/cropped-logo-pzchio-1.png","type":"image\/png"}],"twitter_card":"summary_large_image","schema":{"@context":"https:\/\/schema.org","@graph":[{"@type":"WebPage","@id":"https:\/\/pzchiokp.pl\/wydarzenia\/contact\/","url":"https:\/\/pzchiokp.pl\/wydarzenia\/contact\/","name":"Contact - Wydarzenia PZChiO Oddzia\u0142 Kujawsko-Pomorski","isPartOf":{"@id":"https:\/\/pzchiokp.pl\/wydarzenia\/#website"},"datePublished":"2021-12-27T15:06:58+00:00","dateModified":"2023-03-29T20:38:41+00:00","breadcrumb":{"@id":"https:\/\/pzchiokp.pl\/wydarzenia\/contact\/#breadcrumb"},"inLanguage":"pl-PL","potentialAction":[{"@type":"ReadAction","target":["https:\/\/pzchiokp.pl\/wydarzenia\/contact\/"]}]},{"@type":"BreadcrumbList","@id":"https:\/\/pzchiokp.pl\/wydarzenia\/contact\/#breadcrumb","itemListElement":[{"@type":"ListItem","position":1,"name":"Strona g\u0142\u00f3wna","item":"https:\/\/pzchiokp.pl\/wydarzenia\/"},{"@type":"ListItem","position":2,"name":"Contact"}]},{"@type":"WebSite","@id":"https:\/\/pzchiokp.pl\/wydarzenia\/#website","url":"https:\/\/pzchiokp.pl\/wydarzenia\/","name":"Wydarzenia PZChiO Oddzia\u0142 Kujawsko-Pomorski","description":"Polski Zwi\u0105zekCh\u00f3r\u00f3w i Orkiestr Oddzia\u0142 Kujawsko-Pomorski","publisher":{"@id":"https:\/\/pzchiokp.pl\/wydarzenia\/#organization"},"alternateName":"Wydarzenia PZChiO Oddzia\u0142 Kujawsko-Pomorski","potentialAction":[{"@type":"SearchAction","target":{"@type":"EntryPoint","urlTemplate":"https:\/\/pzchiokp.pl\/wydarzenia\/?s={search_term_string}"},"query-input":{"@type":"PropertyValueSpecification","valueRequired":true,"valueName":"search_term_string"}}],"inLanguage":"pl-PL"},{"@type":"Organization","@id":"https:\/\/pzchiokp.pl\/wydarzenia\/#organization","name":"Polski Zwi\u0105zek Ch\u00f3r\u00f3w i Orkiestr Oddzia\u0142 Kujawsko-Pomorski","alternateName":"PZChiO Oddzia\u0142 Kujawsko-Pomorski","url":"https:\/\/pzchiokp.pl\/wydarzenia\/","logo":{"@type":"ImageObject","inLanguage":"pl-PL","@id":"https:\/\/pzchiokp.pl\/wydarzenia\/#\/schema\/logo\/image\/","url":"https:\/\/pzchiokp.pl\/wydarzenia\/wp-content\/uploads\/sites\/3\/2023\/03\/logo-pzchio-1.png","contentUrl":"https:\/\/pzchiokp.pl\/wydarzenia\/wp-content\/uploads\/sites\/3\/2023\/03\/logo-pzchio-1.png","width":299,"height":200,"caption":"Polski Zwi\u0105zek Ch\u00f3r\u00f3w i Orkiestr Oddzia\u0142 Kujawsko-Pomorski"},"image":{"@id":"https:\/\/pzchiokp.pl\/wydarzenia\/#\/schema\/logo\/image\/"},"sameAs":["https:\/\/www.facebook.com\/profile.php?id=100083541663779&sk=events"]}]}},"jetpack_sharing_enabled":true,"ticketed":false,"_links":{"self":[{"href":"https:\/\/pzchiokp.pl\/wydarzenia\/wp-json\/wp\/v2\/pages\/67","targetHints":{"allow":["GET"]}}],"collection":[{"href":"https:\/\/pzchiokp.pl\/wydarzenia\/wp-json\/wp\/v2\/pages"}],"about":[{"href":"https:\/\/pzchiokp.pl\/wydarzenia\/wp-json\/wp\/v2\/types\/page"}],"author":[{"embeddable":true,"href":"https:\/\/pzchiokp.pl\/wydarzenia\/wp-json\/wp\/v2\/users\/1"}],"replies":[{"embeddable":true,"href":"https:\/\/pzchiokp.pl\/wydarzenia\/wp-json\/wp\/v2\/comments?post=67"}],"version-history":[{"count":1,"href":"https:\/\/pzchiokp.pl\/wydarzenia\/wp-json\/wp\/v2\/pages\/67\/revisions"}],"predecessor-version":[{"id":68,"href":"https:\/\/pzchiokp.pl\/wydarzenia\/wp-json\/wp\/v2\/pages\/67\/revisions\/68"}],"wp:attachment":[{"href":"https:\/\/pzchiokp.pl\/wydarzenia\/wp-json\/wp\/v2\/media?parent=67"}],"curies":[{"name":"wp","href":"https:\/\/api.w.org\/{rel}","templated":true}]}}