{"id":71,"date":"2021-12-25T17:45:18","date_gmt":"2021-12-25T17:45:18","guid":{"rendered":"https:\/\/yuma.sharkthemes.com\/default\/?page_id=10"},"modified":"2024-01-06T12:16:56","modified_gmt":"2024-01-06T11:16:56","slug":"home","status":"publish","type":"page","link":"https:\/\/pzchiokp.pl\/wydarzenia\/","title":{"rendered":"Home"},"content":{"rendered":"\t\t<div data-elementor-type=\"wp-page\" data-elementor-id=\"71\" class=\"elementor elementor-71\">\n\t\t\t\t\t\t\t\t\t<section class=\"elementor-section elementor-top-section elementor-element elementor-element-8457d1d elementor-section-full_width elementor-section-height-min-height elementor-section-height-default elementor-section-items-middle\" data-id=\"8457d1d\" data-element_type=\"section\" data-settings=\"{&quot;background_background&quot;:&quot;classic&quot;,&quot;shape_divider_bottom&quot;:&quot;curve&quot;,&quot;shape_divider_bottom_negative&quot;:&quot;yes&quot;}\">\n\t\t\t\t\t\t\t<div class=\"elementor-background-overlay\"><\/div>\n\t\t\t\t\t\t<div class=\"elementor-shape elementor-shape-bottom\" data-negative=\"true\">\n\t\t\t<svg xmlns=\"http:\/\/www.w3.org\/2000\/svg\" viewBox=\"0 0 1000 100\" preserveAspectRatio=\"none\">\n\t<path class=\"elementor-shape-fill\" d=\"M500,97C126.7,96.3,0.8,19.8,0,0v100l1000,0V1C1000,19.4,873.3,97.8,500,97z\"><\/path>\n<\/svg>\t\t<\/div>\n\t\t\t\t\t<div class=\"elementor-container elementor-column-gap-no\">\n\t\t\t\t\t<div class=\"elementor-column elementor-col-33 elementor-top-column elementor-element elementor-element-d55b7e3\" data-id=\"d55b7e3\" data-element_type=\"column\">\n\t\t\t<div class=\"elementor-widget-wrap\">\n\t\t\t\t\t\t\t\t\t<\/div>\n\t\t<\/div>\n\t\t\t\t<div class=\"elementor-column elementor-col-33 elementor-top-column elementor-element elementor-element-0a442c0\" data-id=\"0a442c0\" data-element_type=\"column\">\n\t\t\t<div class=\"elementor-widget-wrap elementor-element-populated\">\n\t\t\t\t\t\t\t\t<div class=\"elementor-element elementor-element-64087b8 elementor-invisible elementor-widget elementor-widget-heading\" data-id=\"64087b8\" data-element_type=\"widget\" data-settings=\"{&quot;_animation&quot;:&quot;slideInDown&quot;}\" data-widget_type=\"heading.default\">\n\t\t\t\t<div class=\"elementor-widget-container\">\n\t\t\t<style>\/*! elementor - v3.18.0 - 20-12-2023 *\/\n.elementor-heading-title{padding:0;margin:0;line-height:1}.elementor-widget-heading .elementor-heading-title[class*=elementor-size-]>a{color:inherit;font-size:inherit;line-height:inherit}.elementor-widget-heading .elementor-heading-title.elementor-size-small{font-size:15px}.elementor-widget-heading .elementor-heading-title.elementor-size-medium{font-size:19px}.elementor-widget-heading .elementor-heading-title.elementor-size-large{font-size:29px}.elementor-widget-heading .elementor-heading-title.elementor-size-xl{font-size:39px}.elementor-widget-heading .elementor-heading-title.elementor-size-xxl{font-size:59px}<\/style><h1 class=\"elementor-heading-title elementor-size-default\">Wydarzenia<br \/>Polski Zwi\u0105zek <br \/>Ch\u00f3r\u00f3w i Orkiestr<br \/>Oddzia\u0142 Kujawsko-Pomorski<\/h1>\t\t<\/div>\n\t\t\t\t<\/div>\n\t\t\t\t\t<\/div>\n\t\t<\/div>\n\t\t\t\t<div class=\"elementor-column elementor-col-33 elementor-top-column elementor-element elementor-element-d82d072\" data-id=\"d82d072\" data-element_type=\"column\">\n\t\t\t<div class=\"elementor-widget-wrap\">\n\t\t\t\t\t\t\t\t\t<\/div>\n\t\t<\/div>\n\t\t\t\t\t\t\t<\/div>\n\t\t<\/section>\n\t\t\t\t<section class=\"elementor-section elementor-top-section elementor-element elementor-element-a0845f9 elementor-section-boxed elementor-section-height-default elementor-section-height-default\" data-id=\"a0845f9\" data-element_type=\"section\">\n\t\t\t\t\t\t<div class=\"elementor-container elementor-column-gap-default\">\n\t\t\t\t\t<div class=\"elementor-column elementor-col-100 elementor-top-column elementor-element elementor-element-e89ca08\" data-id=\"e89ca08\" data-element_type=\"column\">\n\t\t\t<div class=\"elementor-widget-wrap elementor-element-populated\">\n\t\t\t\t\t\t\t\t<div class=\"elementor-element elementor-element-67e41f9 elementor-widget elementor-widget-read-more\" data-id=\"67e41f9\" data-element_type=\"widget\" data-widget_type=\"read-more.default\">\n\t\t\t\t<div class=\"elementor-widget-container\">\n\t\t\t<\/div><\/div><\/div><\/div><\/div><\/section><\/div> <a href=\"https:\/\/pzchiokp.pl\/wydarzenia\/#more-71\" class=\"more-link elementor-more-link\"><span aria-label=\"Czytaj dalej Home\">Czytaj dalej<\/span><\/a>","protected":false},"excerpt":{"rendered":"<p>WydarzeniaPolski Zwi\u0105zek Ch\u00f3r\u00f3w i OrkiestrOddzia\u0142 Kujawsko-Pomorski<\/p>\n","protected":false},"author":1,"featured_media":0,"parent":0,"menu_order":0,"comment_status":"closed","ping_status":"closed","template":"elementor_header_footer","meta":{"_price":"","_stock":"","_tribe_ticket_header":"","_tribe_default_ticket_provider":"","_tribe_ticket_capacity":"0","_ticket_start_date":"","_ticket_end_date":"","_tribe_ticket_show_description":"","_tribe_ticket_show_not_going":false,"_tribe_ticket_use_global_stock":"","_tribe_ticket_global_stock_level":"","_global_stock_mode":"","_global_stock_cap":"","_tribe_rsvp_for_event":"","_tribe_ticket_going_count":"","_tribe_ticket_not_going_count":"","_tribe_tickets_list":"[]","_tribe_ticket_has_attendee_info_fields":false,"footnotes":"","_tec_slr_enabled":"","_tec_slr_layout":""},"class_list":["post-71","page","type-page","status-publish","hentry"],"yoast_head":"<!-- This site is optimized with the Yoast SEO plugin v27.4 - https:\/\/yoast.com\/product\/yoast-seo-wordpress\/ -->\n<title>Home - Wydarzenia PZChiO Oddzia\u0142 Kujawsko-Pomorski<\/title>\n<meta name=\"robots\" content=\"index, follow, max-snippet:-1, max-image-preview:large, max-video-preview:-1\" \/>\n<link rel=\"canonical\" href=\"https:\/\/pzchiokp.pl\/wydarzenia\/\" \/>\n<meta property=\"og:locale\" content=\"pl_PL\" \/>\n<meta property=\"og:type\" content=\"article\" \/>\n<meta property=\"og:title\" content=\"Home - Wydarzenia PZChiO Oddzia\u0142 Kujawsko-Pomorski\" \/>\n<meta property=\"og:description\" content=\"WydarzeniaPolski Zwi\u0105zek Ch\u00f3r\u00f3w i OrkiestrOddzia\u0142 Kujawsko-Pomorski\" \/>\n<meta property=\"og:url\" content=\"https:\/\/pzchiokp.pl\/wydarzenia\/\" \/>\n<meta property=\"og:site_name\" content=\"Wydarzenia PZChiO Oddzia\u0142 Kujawsko-Pomorski\" \/>\n<meta property=\"article:publisher\" content=\"https:\/\/www.facebook.com\/profile.php?id=100083541663779&amp;sk=events\" \/>\n<meta property=\"article:modified_time\" content=\"2024-01-06T11:16:56+00:00\" \/>\n<meta property=\"og:image\" content=\"https:\/\/pzchiokp.pl\/wydarzenia\/wp-content\/uploads\/sites\/3\/2023\/03\/cropped-logo-pzchio-1.png\" \/>\n\t<meta property=\"og:image:width\" content=\"299\" \/>\n\t<meta property=\"og:image:height\" content=\"186\" \/>\n\t<meta property=\"og:image:type\" content=\"image\/png\" \/>\n<meta name=\"twitter:card\" content=\"summary_large_image\" \/>\n<meta name=\"twitter:label1\" content=\"Szacowany czas czytania\" \/>\n\t<meta name=\"twitter:data1\" content=\"1 minuta\" \/>\n<script type=\"application\/ld+json\" class=\"yoast-schema-graph\">{\"@context\":\"https:\\\/\\\/schema.org\",\"@graph\":[{\"@type\":\"WebPage\",\"@id\":\"https:\\\/\\\/pzchiokp.pl\\\/wydarzenia\\\/\",\"url\":\"https:\\\/\\\/pzchiokp.pl\\\/wydarzenia\\\/\",\"name\":\"Home - Wydarzenia PZChiO Oddzia\u0142 Kujawsko-Pomorski\",\"isPartOf\":{\"@id\":\"https:\\\/\\\/pzchiokp.pl\\\/wydarzenia\\\/#website\"},\"datePublished\":\"2021-12-25T17:45:18+00:00\",\"dateModified\":\"2024-01-06T11:16:56+00:00\",\"breadcrumb\":{\"@id\":\"https:\\\/\\\/pzchiokp.pl\\\/wydarzenia\\\/#breadcrumb\"},\"inLanguage\":\"pl-PL\",\"potentialAction\":[{\"@type\":\"ReadAction\",\"target\":[\"https:\\\/\\\/pzchiokp.pl\\\/wydarzenia\\\/\"]}]},{\"@type\":\"BreadcrumbList\",\"@id\":\"https:\\\/\\\/pzchiokp.pl\\\/wydarzenia\\\/#breadcrumb\",\"itemListElement\":[{\"@type\":\"ListItem\",\"position\":1,\"name\":\"Strona g\u0142\u00f3wna\",\"item\":\"https:\\\/\\\/pzchiokp.pl\\\/wydarzenia\\\/\"},{\"@type\":\"ListItem\",\"position\":2,\"name\":\"Home\"}]},{\"@type\":\"WebSite\",\"@id\":\"https:\\\/\\\/pzchiokp.pl\\\/wydarzenia\\\/#website\",\"url\":\"https:\\\/\\\/pzchiokp.pl\\\/wydarzenia\\\/\",\"name\":\"Wydarzenia PZChiO Oddzia\u0142 Kujawsko-Pomorski\",\"description\":\"Polski Zwi\u0105zekCh\u00f3r\u00f3w i Orkiestr Oddzia\u0142 Kujawsko-Pomorski\",\"publisher\":{\"@id\":\"https:\\\/\\\/pzchiokp.pl\\\/wydarzenia\\\/#organization\"},\"alternateName\":\"Wydarzenia PZChiO Oddzia\u0142 Kujawsko-Pomorski\",\"potentialAction\":[{\"@type\":\"SearchAction\",\"target\":{\"@type\":\"EntryPoint\",\"urlTemplate\":\"https:\\\/\\\/pzchiokp.pl\\\/wydarzenia\\\/?s={search_term_string}\"},\"query-input\":{\"@type\":\"PropertyValueSpecification\",\"valueRequired\":true,\"valueName\":\"search_term_string\"}}],\"inLanguage\":\"pl-PL\"},{\"@type\":\"Organization\",\"@id\":\"https:\\\/\\\/pzchiokp.pl\\\/wydarzenia\\\/#organization\",\"name\":\"Polski Zwi\u0105zek Ch\u00f3r\u00f3w i Orkiestr Oddzia\u0142 Kujawsko-Pomorski\",\"alternateName\":\"PZChiO Oddzia\u0142 Kujawsko-Pomorski\",\"url\":\"https:\\\/\\\/pzchiokp.pl\\\/wydarzenia\\\/\",\"logo\":{\"@type\":\"ImageObject\",\"inLanguage\":\"pl-PL\",\"@id\":\"https:\\\/\\\/pzchiokp.pl\\\/wydarzenia\\\/#\\\/schema\\\/logo\\\/image\\\/\",\"url\":\"https:\\\/\\\/pzchiokp.pl\\\/wydarzenia\\\/wp-content\\\/uploads\\\/sites\\\/3\\\/2023\\\/03\\\/logo-pzchio-1.png\",\"contentUrl\":\"https:\\\/\\\/pzchiokp.pl\\\/wydarzenia\\\/wp-content\\\/uploads\\\/sites\\\/3\\\/2023\\\/03\\\/logo-pzchio-1.png\",\"width\":299,\"height\":200,\"caption\":\"Polski Zwi\u0105zek Ch\u00f3r\u00f3w i Orkiestr Oddzia\u0142 Kujawsko-Pomorski\"},\"image\":{\"@id\":\"https:\\\/\\\/pzchiokp.pl\\\/wydarzenia\\\/#\\\/schema\\\/logo\\\/image\\\/\"},\"sameAs\":[\"https:\\\/\\\/www.facebook.com\\\/profile.php?id=100083541663779&sk=events\"]}]}<\/script>\n<!-- \/ Yoast SEO plugin. -->","yoast_head_json":{"title":"Home - Wydarzenia PZChiO Oddzia\u0142 Kujawsko-Pomorski","robots":{"index":"index","follow":"follow","max-snippet":"max-snippet:-1","max-image-preview":"max-image-preview:large","max-video-preview":"max-video-preview:-1"},"canonical":"https:\/\/pzchiokp.pl\/wydarzenia\/","og_locale":"pl_PL","og_type":"article","og_title":"Home - Wydarzenia PZChiO Oddzia\u0142 Kujawsko-Pomorski","og_description":"WydarzeniaPolski Zwi\u0105zek Ch\u00f3r\u00f3w i OrkiestrOddzia\u0142 Kujawsko-Pomorski","og_url":"https:\/\/pzchiokp.pl\/wydarzenia\/","og_site_name":"Wydarzenia PZChiO Oddzia\u0142 Kujawsko-Pomorski","article_publisher":"https:\/\/www.facebook.com\/profile.php?id=100083541663779&sk=events","article_modified_time":"2024-01-06T11:16:56+00:00","og_image":[{"width":299,"height":186,"url":"https:\/\/pzchiokp.pl\/wydarzenia\/wp-content\/uploads\/sites\/3\/2023\/03\/cropped-logo-pzchio-1.png","type":"image\/png"}],"twitter_card":"summary_large_image","twitter_misc":{"Szacowany czas czytania":"1 minuta"},"schema":{"@context":"https:\/\/schema.org","@graph":[{"@type":"WebPage","@id":"https:\/\/pzchiokp.pl\/wydarzenia\/","url":"https:\/\/pzchiokp.pl\/wydarzenia\/","name":"Home - Wydarzenia PZChiO Oddzia\u0142 Kujawsko-Pomorski","isPartOf":{"@id":"https:\/\/pzchiokp.pl\/wydarzenia\/#website"},"datePublished":"2021-12-25T17:45:18+00:00","dateModified":"2024-01-06T11:16:56+00:00","breadcrumb":{"@id":"https:\/\/pzchiokp.pl\/wydarzenia\/#breadcrumb"},"inLanguage":"pl-PL","potentialAction":[{"@type":"ReadAction","target":["https:\/\/pzchiokp.pl\/wydarzenia\/"]}]},{"@type":"BreadcrumbList","@id":"https:\/\/pzchiokp.pl\/wydarzenia\/#breadcrumb","itemListElement":[{"@type":"ListItem","position":1,"name":"Strona g\u0142\u00f3wna","item":"https:\/\/pzchiokp.pl\/wydarzenia\/"},{"@type":"ListItem","position":2,"name":"Home"}]},{"@type":"WebSite","@id":"https:\/\/pzchiokp.pl\/wydarzenia\/#website","url":"https:\/\/pzchiokp.pl\/wydarzenia\/","name":"Wydarzenia PZChiO Oddzia\u0142 Kujawsko-Pomorski","description":"Polski Zwi\u0105zekCh\u00f3r\u00f3w i Orkiestr Oddzia\u0142 Kujawsko-Pomorski","publisher":{"@id":"https:\/\/pzchiokp.pl\/wydarzenia\/#organization"},"alternateName":"Wydarzenia PZChiO Oddzia\u0142 Kujawsko-Pomorski","potentialAction":[{"@type":"SearchAction","target":{"@type":"EntryPoint","urlTemplate":"https:\/\/pzchiokp.pl\/wydarzenia\/?s={search_term_string}"},"query-input":{"@type":"PropertyValueSpecification","valueRequired":true,"valueName":"search_term_string"}}],"inLanguage":"pl-PL"},{"@type":"Organization","@id":"https:\/\/pzchiokp.pl\/wydarzenia\/#organization","name":"Polski Zwi\u0105zek Ch\u00f3r\u00f3w i Orkiestr Oddzia\u0142 Kujawsko-Pomorski","alternateName":"PZChiO Oddzia\u0142 Kujawsko-Pomorski","url":"https:\/\/pzchiokp.pl\/wydarzenia\/","logo":{"@type":"ImageObject","inLanguage":"pl-PL","@id":"https:\/\/pzchiokp.pl\/wydarzenia\/#\/schema\/logo\/image\/","url":"https:\/\/pzchiokp.pl\/wydarzenia\/wp-content\/uploads\/sites\/3\/2023\/03\/logo-pzchio-1.png","contentUrl":"https:\/\/pzchiokp.pl\/wydarzenia\/wp-content\/uploads\/sites\/3\/2023\/03\/logo-pzchio-1.png","width":299,"height":200,"caption":"Polski Zwi\u0105zek Ch\u00f3r\u00f3w i Orkiestr Oddzia\u0142 Kujawsko-Pomorski"},"image":{"@id":"https:\/\/pzchiokp.pl\/wydarzenia\/#\/schema\/logo\/image\/"},"sameAs":["https:\/\/www.facebook.com\/profile.php?id=100083541663779&sk=events"]}]}},"jetpack_sharing_enabled":true,"ticketed":false,"_links":{"self":[{"href":"https:\/\/pzchiokp.pl\/wydarzenia\/wp-json\/wp\/v2\/pages\/71","targetHints":{"allow":["GET"]}}],"collection":[{"href":"https:\/\/pzchiokp.pl\/wydarzenia\/wp-json\/wp\/v2\/pages"}],"about":[{"href":"https:\/\/pzchiokp.pl\/wydarzenia\/wp-json\/wp\/v2\/types\/page"}],"author":[{"embeddable":true,"href":"https:\/\/pzchiokp.pl\/wydarzenia\/wp-json\/wp\/v2\/users\/1"}],"replies":[{"embeddable":true,"href":"https:\/\/pzchiokp.pl\/wydarzenia\/wp-json\/wp\/v2\/comments?post=71"}],"version-history":[{"count":7,"href":"https:\/\/pzchiokp.pl\/wydarzenia\/wp-json\/wp\/v2\/pages\/71\/revisions"}],"predecessor-version":[{"id":172,"href":"https:\/\/pzchiokp.pl\/wydarzenia\/wp-json\/wp\/v2\/pages\/71\/revisions\/172"}],"wp:attachment":[{"href":"https:\/\/pzchiokp.pl\/wydarzenia\/wp-json\/wp\/v2\/media?parent=71"}],"curies":[{"name":"wp","href":"https:\/\/api.w.org\/{rel}","templated":true}]}}